{"id":245,"date":"2023-12-05T11:15:39","date_gmt":"2023-12-05T14:15:39","guid":{"rendered":"http:\/\/localhost\/tecnica\/site\/?page_id=245"},"modified":"2026-03-10T17:34:50","modified_gmt":"2026-03-10T20:34:50","slug":"landing-page-sistema","status":"publish","type":"page","link":"https:\/\/www.tecnica.com.br\/site\/landing-page-sistema\/","title":{"rendered":"Landing page Sistema WEBFILE"},"content":{"rendered":"\n<p>O servi\u00e7o de gest\u00e3o documental TECSTAR\u00ae WEBFILE inclui o WEBPLUS\u00ae 2.0, que amplia ainda mais as funcionalidades do processo para garantir controle total dos documentos f\u00edsicos e digitais de sua empresa.<br>\u00c9 a solu\u00e7\u00e3o sob medida para ampliar a produtividade, organiza\u00e7\u00e3o e agilidade no acesso aos documentos a um custo acess\u00edvel.<br>WEBFILE\u00ae interage com outras plataformas e pode ser implementada tanto em servidor dedicado quanto em servidor da pr\u00f3pria empresa.<\/p>\n\n\n\n<p>Ao aderir ao nosso servi\u00e7o de gest\u00e3o documental sua empresa passa a contar com toda a experi\u00eancia acumulada da T\u00c9CNICA, especialista em documentos que atende h\u00e1 mais de tr\u00eas d\u00e9cadas empresas de todos os portes e segmentos econ\u00f4micos.<br>A T\u00c9CNICA conta tamb\u00e9m com outras solu\u00e7\u00f5es para o atendimento integral \u00e0 necessidade de sua empresa. Se tiver d\u00favidas, ligue e confira com um dos nossos suportes o que podemos fazer por sua empresa.<br>Acompanhe a seguir as op\u00e7\u00f5es de contrata\u00e7\u00e3o online do WEBFILE. D\u00favidas ou necessidades especiais, <a href=\"https:\/\/www.tecnica.com.br\/site\/fale-conosco\/\">entre em contato<\/a>.<\/p>\n","protected":false},"excerpt":{"rendered":"<p>O servi\u00e7o de gest\u00e3o documental TECSTAR\u00ae WEBFILE inclui o WEBPLUS\u00ae 2.0, que amplia ainda mais as funcionalidades do processo para garantir controle total dos documentos f\u00edsicos e digitais de sua empresa.\u00c9 a solu\u00e7\u00e3o sob medida para ampliar a produtividade, organiza\u00e7\u00e3o e agilidade no acesso aos documentos a um custo acess\u00edvel.WEBFILE\u00ae interage com outras plataformas e &hellip; <a href=\"https:\/\/www.tecnica.com.br\/site\/landing-page-sistema\/\">Continua<\/a><\/p>\n","protected":false},"author":2,"featured_media":257,"parent":0,"menu_order":0,"comment_status":"closed","ping_status":"closed","template":"page-lp-sistema.php","meta":{"_acf_changed":false,"footnotes":""},"class_list":["post-245","page","type-page","status-publish","has-post-thumbnail","hentry"],"acf":[],"yoast_head":"<!-- This site is optimized with the Yoast SEO plugin v27.4 - https:\/\/yoast.com\/product\/yoast-seo-wordpress\/ -->\n<title>Landing page Sistema WEBFILE - T\u00e9cnica Gest\u00e3o Documental<\/title>\n<meta name=\"description\" content=\"O servi\u00e7o de gest\u00e3o documental TECSTAR\u00ae WEBFILE inclui o WEBPLUS\u00ae 2.0, que amplia ainda mais as funcionalidades da plataforma\" \/>\n<meta name=\"robots\" content=\"index, follow, max-snippet:-1, max-image-preview:large, max-video-preview:-1\" \/>\n<link rel=\"canonical\" href=\"https:\/\/www.tecnica.com.br\/site\/landing-page-sistema\/\" \/>\n<meta property=\"og:locale\" content=\"pt_BR\" \/>\n<meta property=\"og:type\" content=\"article\" \/>\n<meta property=\"og:title\" content=\"Landing page Sistema WEBFILE - T\u00e9cnica Gest\u00e3o Documental\" \/>\n<meta property=\"og:description\" content=\"O servi\u00e7o de gest\u00e3o documental TECSTAR\u00ae WEBFILE inclui o WEBPLUS\u00ae 2.0, que amplia ainda mais as funcionalidades da plataforma\" \/>\n<meta property=\"og:url\" content=\"https:\/\/www.tecnica.com.br\/site\/landing-page-sistema\/\" \/>\n<meta property=\"og:site_name\" content=\"T\u00e9cnica Gest\u00e3o Documental\" \/>\n<meta property=\"article:publisher\" content=\"https:\/\/www.facebook.com\/tecnicagestaodocumental\" \/>\n<meta property=\"article:modified_time\" content=\"2026-03-10T20:34:50+00:00\" \/>\n<meta property=\"og:image\" content=\"https:\/\/www.tecnica.com.br\/site\/wp-content\/uploads\/2023\/12\/cover-lp-sistema.jpg\" \/>\n\t<meta property=\"og:image:width\" content=\"1310\" \/>\n\t<meta property=\"og:image:height\" content=\"400\" \/>\n\t<meta property=\"og:image:type\" content=\"image\/jpeg\" \/>\n<meta name=\"twitter:card\" content=\"summary_large_image\" \/>\n<meta name=\"twitter:site\" content=\"@tecnicadoc\" \/>\n<meta name=\"twitter:label1\" content=\"Est. tempo de leitura\" \/>\n\t<meta name=\"twitter:data1\" content=\"2 minutos\" \/>\n<script type=\"application\/ld+json\" class=\"yoast-schema-graph\">{\"@context\":\"https:\\\/\\\/schema.org\",\"@graph\":[{\"@type\":\"WebPage\",\"@id\":\"https:\\\/\\\/www.tecnica.com.br\\\/site\\\/landing-page-sistema\\\/\",\"url\":\"https:\\\/\\\/www.tecnica.com.br\\\/site\\\/landing-page-sistema\\\/\",\"name\":\"Landing page Sistema WEBFILE - T\u00e9cnica Gest\u00e3o Documental\",\"isPartOf\":{\"@id\":\"http:\\\/\\\/www.tecnica.com.br\\\/site\\\/#website\"},\"primaryImageOfPage\":{\"@id\":\"https:\\\/\\\/www.tecnica.com.br\\\/site\\\/landing-page-sistema\\\/#primaryimage\"},\"image\":{\"@id\":\"https:\\\/\\\/www.tecnica.com.br\\\/site\\\/landing-page-sistema\\\/#primaryimage\"},\"thumbnailUrl\":\"https:\\\/\\\/www.tecnica.com.br\\\/site\\\/wp-content\\\/uploads\\\/2023\\\/12\\\/cover-lp-sistema.jpg\",\"datePublished\":\"2023-12-05T14:15:39+00:00\",\"dateModified\":\"2026-03-10T20:34:50+00:00\",\"description\":\"O servi\u00e7o de gest\u00e3o documental TECSTAR\u00ae WEBFILE inclui o WEBPLUS\u00ae 2.0, que amplia ainda mais as funcionalidades da plataforma\",\"breadcrumb\":{\"@id\":\"https:\\\/\\\/www.tecnica.com.br\\\/site\\\/landing-page-sistema\\\/#breadcrumb\"},\"inLanguage\":\"pt-BR\",\"potentialAction\":[{\"@type\":\"ReadAction\",\"target\":[\"https:\\\/\\\/www.tecnica.com.br\\\/site\\\/landing-page-sistema\\\/\"]}]},{\"@type\":\"ImageObject\",\"inLanguage\":\"pt-BR\",\"@id\":\"https:\\\/\\\/www.tecnica.com.br\\\/site\\\/landing-page-sistema\\\/#primaryimage\",\"url\":\"https:\\\/\\\/www.tecnica.com.br\\\/site\\\/wp-content\\\/uploads\\\/2023\\\/12\\\/cover-lp-sistema.jpg\",\"contentUrl\":\"https:\\\/\\\/www.tecnica.com.br\\\/site\\\/wp-content\\\/uploads\\\/2023\\\/12\\\/cover-lp-sistema.jpg\",\"width\":1310,\"height\":400},{\"@type\":\"BreadcrumbList\",\"@id\":\"https:\\\/\\\/www.tecnica.com.br\\\/site\\\/landing-page-sistema\\\/#breadcrumb\",\"itemListElement\":[{\"@type\":\"ListItem\",\"position\":1,\"name\":\"In\u00edcio\",\"item\":\"https:\\\/\\\/www.tecnica.com.br\\\/site\\\/\"},{\"@type\":\"ListItem\",\"position\":2,\"name\":\"Landing page Sistema WEBFILE\"}]},{\"@type\":\"WebSite\",\"@id\":\"http:\\\/\\\/www.tecnica.com.br\\\/site\\\/#website\",\"url\":\"http:\\\/\\\/www.tecnica.com.br\\\/site\\\/\",\"name\":\"T\u00e9cnica Gest\u00e3o Documental\",\"description\":\"Melhores solu\u00e7\u00f5es em Gest\u00e3o Documental\",\"alternateName\":\"T\u00e9cnica\",\"potentialAction\":[{\"@type\":\"SearchAction\",\"target\":{\"@type\":\"EntryPoint\",\"urlTemplate\":\"http:\\\/\\\/www.tecnica.com.br\\\/site\\\/?s={search_term_string}\"},\"query-input\":{\"@type\":\"PropertyValueSpecification\",\"valueRequired\":true,\"valueName\":\"search_term_string\"}}],\"inLanguage\":\"pt-BR\"}]}<\/script>\n<!-- \/ Yoast SEO plugin. -->","yoast_head_json":{"title":"Landing page Sistema WEBFILE - T\u00e9cnica Gest\u00e3o Documental","description":"O servi\u00e7o de gest\u00e3o documental TECSTAR\u00ae WEBFILE inclui o WEBPLUS\u00ae 2.0, que amplia ainda mais as funcionalidades da plataforma","robots":{"index":"index","follow":"follow","max-snippet":"max-snippet:-1","max-image-preview":"max-image-preview:large","max-video-preview":"max-video-preview:-1"},"canonical":"https:\/\/www.tecnica.com.br\/site\/landing-page-sistema\/","og_locale":"pt_BR","og_type":"article","og_title":"Landing page Sistema WEBFILE - T\u00e9cnica Gest\u00e3o Documental","og_description":"O servi\u00e7o de gest\u00e3o documental TECSTAR\u00ae WEBFILE inclui o WEBPLUS\u00ae 2.0, que amplia ainda mais as funcionalidades da plataforma","og_url":"https:\/\/www.tecnica.com.br\/site\/landing-page-sistema\/","og_site_name":"T\u00e9cnica Gest\u00e3o Documental","article_publisher":"https:\/\/www.facebook.com\/tecnicagestaodocumental","article_modified_time":"2026-03-10T20:34:50+00:00","og_image":[{"width":1310,"height":400,"url":"https:\/\/www.tecnica.com.br\/site\/wp-content\/uploads\/2023\/12\/cover-lp-sistema.jpg","type":"image\/jpeg"}],"twitter_card":"summary_large_image","twitter_site":"@tecnicadoc","twitter_misc":{"Est. tempo de leitura":"2 minutos"},"schema":{"@context":"https:\/\/schema.org","@graph":[{"@type":"WebPage","@id":"https:\/\/www.tecnica.com.br\/site\/landing-page-sistema\/","url":"https:\/\/www.tecnica.com.br\/site\/landing-page-sistema\/","name":"Landing page Sistema WEBFILE - T\u00e9cnica Gest\u00e3o Documental","isPartOf":{"@id":"http:\/\/www.tecnica.com.br\/site\/#website"},"primaryImageOfPage":{"@id":"https:\/\/www.tecnica.com.br\/site\/landing-page-sistema\/#primaryimage"},"image":{"@id":"https:\/\/www.tecnica.com.br\/site\/landing-page-sistema\/#primaryimage"},"thumbnailUrl":"https:\/\/www.tecnica.com.br\/site\/wp-content\/uploads\/2023\/12\/cover-lp-sistema.jpg","datePublished":"2023-12-05T14:15:39+00:00","dateModified":"2026-03-10T20:34:50+00:00","description":"O servi\u00e7o de gest\u00e3o documental TECSTAR\u00ae WEBFILE inclui o WEBPLUS\u00ae 2.0, que amplia ainda mais as funcionalidades da plataforma","breadcrumb":{"@id":"https:\/\/www.tecnica.com.br\/site\/landing-page-sistema\/#breadcrumb"},"inLanguage":"pt-BR","potentialAction":[{"@type":"ReadAction","target":["https:\/\/www.tecnica.com.br\/site\/landing-page-sistema\/"]}]},{"@type":"ImageObject","inLanguage":"pt-BR","@id":"https:\/\/www.tecnica.com.br\/site\/landing-page-sistema\/#primaryimage","url":"https:\/\/www.tecnica.com.br\/site\/wp-content\/uploads\/2023\/12\/cover-lp-sistema.jpg","contentUrl":"https:\/\/www.tecnica.com.br\/site\/wp-content\/uploads\/2023\/12\/cover-lp-sistema.jpg","width":1310,"height":400},{"@type":"BreadcrumbList","@id":"https:\/\/www.tecnica.com.br\/site\/landing-page-sistema\/#breadcrumb","itemListElement":[{"@type":"ListItem","position":1,"name":"In\u00edcio","item":"https:\/\/www.tecnica.com.br\/site\/"},{"@type":"ListItem","position":2,"name":"Landing page Sistema WEBFILE"}]},{"@type":"WebSite","@id":"http:\/\/www.tecnica.com.br\/site\/#website","url":"http:\/\/www.tecnica.com.br\/site\/","name":"T\u00e9cnica Gest\u00e3o Documental","description":"Melhores solu\u00e7\u00f5es em Gest\u00e3o Documental","alternateName":"T\u00e9cnica","potentialAction":[{"@type":"SearchAction","target":{"@type":"EntryPoint","urlTemplate":"http:\/\/www.tecnica.com.br\/site\/?s={search_term_string}"},"query-input":{"@type":"PropertyValueSpecification","valueRequired":true,"valueName":"search_term_string"}}],"inLanguage":"pt-BR"}]}},"_links":{"self":[{"href":"https:\/\/www.tecnica.com.br\/site\/wp-json\/wp\/v2\/pages\/245","targetHints":{"allow":["GET"]}}],"collection":[{"href":"https:\/\/www.tecnica.com.br\/site\/wp-json\/wp\/v2\/pages"}],"about":[{"href":"https:\/\/www.tecnica.com.br\/site\/wp-json\/wp\/v2\/types\/page"}],"author":[{"embeddable":true,"href":"https:\/\/www.tecnica.com.br\/site\/wp-json\/wp\/v2\/users\/2"}],"replies":[{"embeddable":true,"href":"https:\/\/www.tecnica.com.br\/site\/wp-json\/wp\/v2\/comments?post=245"}],"version-history":[{"count":23,"href":"https:\/\/www.tecnica.com.br\/site\/wp-json\/wp\/v2\/pages\/245\/revisions"}],"predecessor-version":[{"id":1693,"href":"https:\/\/www.tecnica.com.br\/site\/wp-json\/wp\/v2\/pages\/245\/revisions\/1693"}],"wp:featuredmedia":[{"embeddable":true,"href":"https:\/\/www.tecnica.com.br\/site\/wp-json\/wp\/v2\/media\/257"}],"wp:attachment":[{"href":"https:\/\/www.tecnica.com.br\/site\/wp-json\/wp\/v2\/media?parent=245"}],"curies":[{"name":"wp","href":"https:\/\/api.w.org\/{rel}","templated":true}]}}