{"id":20,"date":"2018-04-16T09:10:58","date_gmt":"2018-04-16T12:10:58","guid":{"rendered":"http:\/\/localhost\/base\/sitenovo\/home\/"},"modified":"2025-02-05T15:52:17","modified_gmt":"2025-02-05T18:52:17","slug":"arquivos-fisicos-ou-digitais","status":"publish","type":"page","link":"https:\/\/www.tecnica.com.br\/site\/","title":{"rendered":"Home"},"content":{"rendered":"\n<p>Arquivos f\u00edsicos e digitais organizados garantem efici\u00eancia dos times, minimizam riscos operacionais, jur\u00eddicos e administrativos e, por isso, s\u00e3o aliados a uma forte cultura de governan\u00e7a corporativa.<br><br>A <strong>T\u00c9CNICA<\/strong>, com mais de tr\u00eas d\u00e9cadas de atua\u00e7\u00e3o, estruturou as melhores solu\u00e7\u00f5es para a gest\u00e3o documental do mercado nacional. N\u00e3o importa o tamanho ou a \u00e1rea de atua\u00e7\u00e3o de sua empresa, n\u00f3s temos uma solu\u00e7\u00e3o completa para seu arquivo. Conte com a <strong>T\u00c9CNICA<\/strong>.<\/p>\n","protected":false},"excerpt":{"rendered":"<p>Arquivos f\u00edsicos e digitais organizados garantem efici\u00eancia dos times, minimizam riscos operacionais, jur\u00eddicos e administrativos e, por isso, s\u00e3o aliados a uma forte cultura de governan\u00e7a corporativa. A T\u00c9CNICA, com mais de tr\u00eas d\u00e9cadas de atua\u00e7\u00e3o, estruturou as melhores solu\u00e7\u00f5es para a gest\u00e3o documental do mercado nacional. N\u00e3o importa o tamanho ou a \u00e1rea de &hellip; <a href=\"https:\/\/www.tecnica.com.br\/site\/\">Continua<\/a><\/p>\n","protected":false},"author":2,"featured_media":0,"parent":0,"menu_order":-1,"comment_status":"closed","ping_status":"closed","template":"page-home.php","meta":{"_acf_changed":false,"footnotes":""},"class_list":["post-20","page","type-page","status-publish","hentry"],"acf":[],"yoast_head":"<!-- This site is optimized with the Yoast SEO plugin v27.4 - https:\/\/yoast.com\/product\/yoast-seo-wordpress\/ -->\n<title>Home - T\u00e9cnica Gest\u00e3o Documental<\/title>\n<meta name=\"description\" content=\"A T\u00c9CNICA estruturou as melhores solu\u00e7\u00f5es em Gest\u00e3o Documental para sua empresa ter arquivos f\u00edsicos e digitais organizados\" \/>\n<meta name=\"robots\" content=\"index, follow, max-snippet:-1, max-image-preview:large, max-video-preview:-1\" \/>\n<link rel=\"canonical\" href=\"https:\/\/www.tecnica.com.br\/site\/\" \/>\n<meta property=\"og:locale\" content=\"pt_BR\" \/>\n<meta property=\"og:type\" content=\"article\" \/>\n<meta property=\"og:title\" content=\"Home - T\u00e9cnica Gest\u00e3o Documental\" \/>\n<meta property=\"og:description\" content=\"A T\u00c9CNICA estruturou as melhores solu\u00e7\u00f5es em Gest\u00e3o Documental para sua empresa ter arquivos f\u00edsicos e digitais organizados\" \/>\n<meta property=\"og:url\" content=\"https:\/\/www.tecnica.com.br\/site\/\" \/>\n<meta property=\"og:site_name\" content=\"T\u00e9cnica Gest\u00e3o Documental\" \/>\n<meta property=\"article:publisher\" content=\"https:\/\/www.facebook.com\/tecnicagestaodocumental\" \/>\n<meta property=\"article:modified_time\" content=\"2025-02-05T18:52:17+00:00\" \/>\n<meta property=\"og:image\" content=\"https:\/\/www.tecnica.com.br\/site\/wp-content\/uploads\/2023\/12\/seo-1200.jpg\" \/>\n\t<meta property=\"og:image:width\" content=\"1200\" \/>\n\t<meta property=\"og:image:height\" content=\"675\" \/>\n\t<meta property=\"og:image:type\" content=\"image\/jpeg\" \/>\n<meta name=\"twitter:card\" content=\"summary_large_image\" \/>\n<meta name=\"twitter:site\" content=\"@tecnicadoc\" \/>\n<meta name=\"twitter:label1\" content=\"Est. tempo de leitura\" \/>\n\t<meta name=\"twitter:data1\" content=\"1 minuto\" \/>\n<script type=\"application\/ld+json\" class=\"yoast-schema-graph\">{\"@context\":\"https:\\\/\\\/schema.org\",\"@graph\":[{\"@type\":\"WebPage\",\"@id\":\"https:\\\/\\\/www.tecnica.com.br\\\/site\\\/\",\"url\":\"https:\\\/\\\/www.tecnica.com.br\\\/site\\\/\",\"name\":\"Home - T\u00e9cnica Gest\u00e3o Documental\",\"isPartOf\":{\"@id\":\"http:\\\/\\\/www.tecnica.com.br\\\/site\\\/#website\"},\"datePublished\":\"2018-04-16T12:10:58+00:00\",\"dateModified\":\"2025-02-05T18:52:17+00:00\",\"description\":\"A T\u00c9CNICA estruturou as melhores solu\u00e7\u00f5es em Gest\u00e3o Documental para sua empresa ter arquivos f\u00edsicos e digitais organizados\",\"breadcrumb\":{\"@id\":\"https:\\\/\\\/www.tecnica.com.br\\\/site\\\/#breadcrumb\"},\"inLanguage\":\"pt-BR\",\"potentialAction\":[{\"@type\":\"ReadAction\",\"target\":[\"https:\\\/\\\/www.tecnica.com.br\\\/site\\\/\"]}]},{\"@type\":\"BreadcrumbList\",\"@id\":\"https:\\\/\\\/www.tecnica.com.br\\\/site\\\/#breadcrumb\",\"itemListElement\":[{\"@type\":\"ListItem\",\"position\":1,\"name\":\"In\u00edcio\",\"item\":\"https:\\\/\\\/www.tecnica.com.br\\\/site\\\/\"},{\"@type\":\"ListItem\",\"position\":2,\"name\":\"Home\"}]},{\"@type\":\"WebSite\",\"@id\":\"http:\\\/\\\/www.tecnica.com.br\\\/site\\\/#website\",\"url\":\"http:\\\/\\\/www.tecnica.com.br\\\/site\\\/\",\"name\":\"T\u00e9cnica Gest\u00e3o Documental\",\"description\":\"Melhores solu\u00e7\u00f5es em Gest\u00e3o Documental\",\"alternateName\":\"T\u00e9cnica\",\"potentialAction\":[{\"@type\":\"SearchAction\",\"target\":{\"@type\":\"EntryPoint\",\"urlTemplate\":\"http:\\\/\\\/www.tecnica.com.br\\\/site\\\/?s={search_term_string}\"},\"query-input\":{\"@type\":\"PropertyValueSpecification\",\"valueRequired\":true,\"valueName\":\"search_term_string\"}}],\"inLanguage\":\"pt-BR\"}]}<\/script>\n<!-- \/ Yoast SEO plugin. -->","yoast_head_json":{"title":"Home - T\u00e9cnica Gest\u00e3o Documental","description":"A T\u00c9CNICA estruturou as melhores solu\u00e7\u00f5es em Gest\u00e3o Documental para sua empresa ter arquivos f\u00edsicos e digitais organizados","robots":{"index":"index","follow":"follow","max-snippet":"max-snippet:-1","max-image-preview":"max-image-preview:large","max-video-preview":"max-video-preview:-1"},"canonical":"https:\/\/www.tecnica.com.br\/site\/","og_locale":"pt_BR","og_type":"article","og_title":"Home - T\u00e9cnica Gest\u00e3o Documental","og_description":"A T\u00c9CNICA estruturou as melhores solu\u00e7\u00f5es em Gest\u00e3o Documental para sua empresa ter arquivos f\u00edsicos e digitais organizados","og_url":"https:\/\/www.tecnica.com.br\/site\/","og_site_name":"T\u00e9cnica Gest\u00e3o Documental","article_publisher":"https:\/\/www.facebook.com\/tecnicagestaodocumental","article_modified_time":"2025-02-05T18:52:17+00:00","og_image":[{"width":1200,"height":675,"url":"https:\/\/www.tecnica.com.br\/site\/wp-content\/uploads\/2023\/12\/seo-1200.jpg","type":"image\/jpeg"}],"twitter_card":"summary_large_image","twitter_site":"@tecnicadoc","twitter_misc":{"Est. tempo de leitura":"1 minuto"},"schema":{"@context":"https:\/\/schema.org","@graph":[{"@type":"WebPage","@id":"https:\/\/www.tecnica.com.br\/site\/","url":"https:\/\/www.tecnica.com.br\/site\/","name":"Home - T\u00e9cnica Gest\u00e3o Documental","isPartOf":{"@id":"http:\/\/www.tecnica.com.br\/site\/#website"},"datePublished":"2018-04-16T12:10:58+00:00","dateModified":"2025-02-05T18:52:17+00:00","description":"A T\u00c9CNICA estruturou as melhores solu\u00e7\u00f5es em Gest\u00e3o Documental para sua empresa ter arquivos f\u00edsicos e digitais organizados","breadcrumb":{"@id":"https:\/\/www.tecnica.com.br\/site\/#breadcrumb"},"inLanguage":"pt-BR","potentialAction":[{"@type":"ReadAction","target":["https:\/\/www.tecnica.com.br\/site\/"]}]},{"@type":"BreadcrumbList","@id":"https:\/\/www.tecnica.com.br\/site\/#breadcrumb","itemListElement":[{"@type":"ListItem","position":1,"name":"In\u00edcio","item":"https:\/\/www.tecnica.com.br\/site\/"},{"@type":"ListItem","position":2,"name":"Home"}]},{"@type":"WebSite","@id":"http:\/\/www.tecnica.com.br\/site\/#website","url":"http:\/\/www.tecnica.com.br\/site\/","name":"T\u00e9cnica Gest\u00e3o Documental","description":"Melhores solu\u00e7\u00f5es em Gest\u00e3o Documental","alternateName":"T\u00e9cnica","potentialAction":[{"@type":"SearchAction","target":{"@type":"EntryPoint","urlTemplate":"http:\/\/www.tecnica.com.br\/site\/?s={search_term_string}"},"query-input":{"@type":"PropertyValueSpecification","valueRequired":true,"valueName":"search_term_string"}}],"inLanguage":"pt-BR"}]}},"_links":{"self":[{"href":"https:\/\/www.tecnica.com.br\/site\/wp-json\/wp\/v2\/pages\/20","targetHints":{"allow":["GET"]}}],"collection":[{"href":"https:\/\/www.tecnica.com.br\/site\/wp-json\/wp\/v2\/pages"}],"about":[{"href":"https:\/\/www.tecnica.com.br\/site\/wp-json\/wp\/v2\/types\/page"}],"author":[{"embeddable":true,"href":"https:\/\/www.tecnica.com.br\/site\/wp-json\/wp\/v2\/users\/2"}],"replies":[{"embeddable":true,"href":"https:\/\/www.tecnica.com.br\/site\/wp-json\/wp\/v2\/comments?post=20"}],"version-history":[{"count":8,"href":"https:\/\/www.tecnica.com.br\/site\/wp-json\/wp\/v2\/pages\/20\/revisions"}],"predecessor-version":[{"id":1311,"href":"https:\/\/www.tecnica.com.br\/site\/wp-json\/wp\/v2\/pages\/20\/revisions\/1311"}],"wp:attachment":[{"href":"https:\/\/www.tecnica.com.br\/site\/wp-json\/wp\/v2\/media?parent=20"}],"curies":[{"name":"wp","href":"https:\/\/api.w.org\/{rel}","templated":true}]}}