{"id":15,"date":"2018-04-16T08:53:15","date_gmt":"2018-04-16T11:53:15","guid":{"rendered":"http:\/\/localhost\/base\/sitenovo\/?page_id=15"},"modified":"2023-12-01T12:46:49","modified_gmt":"2023-12-01T15:46:49","slug":"fale-conosco","status":"publish","type":"page","link":"https:\/\/www.tecnica.com.br\/site\/fale-conosco\/","title":{"rendered":"Fale conosco"},"content":{"rendered":"<p>Preencha o formul\u00e1rio abaixo para entrar em contato conosco.<br \/>\nOu fale conosco atrav\u00e9s de nosso telefone, e-mail e endere\u00e7o <span class=\"d-none d-md-inline\">ao lado<\/span><span class=\"d-md-none\">abaixo<\/span> do formul\u00e1rio.<\/p>\n","protected":false},"excerpt":{"rendered":"<p>Preencha o formul\u00e1rio abaixo para entrar em contato conosco. Ou fale conosco atrav\u00e9s de nosso telefone, e-mail e endere\u00e7o ao ladoabaixo do formul\u00e1rio.<\/p>\n","protected":false},"author":2,"featured_media":0,"parent":0,"menu_order":0,"comment_status":"closed","ping_status":"closed","template":"page-fale-conosco.php","meta":{"_acf_changed":false,"footnotes":""},"class_list":["post-15","page","type-page","status-publish","hentry"],"acf":[],"yoast_head":"<!-- This site is optimized with the Yoast SEO plugin v27.4 - https:\/\/yoast.com\/product\/yoast-seo-wordpress\/ -->\n<title>Fale conosco - T\u00e9cnica Gest\u00e3o Documental<\/title>\n<meta name=\"robots\" content=\"index, follow, max-snippet:-1, max-image-preview:large, max-video-preview:-1\" \/>\n<link rel=\"canonical\" href=\"https:\/\/www.tecnica.com.br\/site\/fale-conosco\/\" \/>\n<meta property=\"og:locale\" content=\"pt_BR\" \/>\n<meta property=\"og:type\" content=\"article\" \/>\n<meta property=\"og:title\" content=\"Fale conosco - T\u00e9cnica Gest\u00e3o Documental\" \/>\n<meta property=\"og:description\" content=\"Preencha o formul\u00e1rio abaixo para entrar em contato conosco. Ou fale conosco atrav\u00e9s de nosso telefone, e-mail e endere\u00e7o ao ladoabaixo do formul\u00e1rio.\" \/>\n<meta property=\"og:url\" content=\"https:\/\/www.tecnica.com.br\/site\/fale-conosco\/\" \/>\n<meta property=\"og:site_name\" content=\"T\u00e9cnica Gest\u00e3o Documental\" \/>\n<meta property=\"article:publisher\" content=\"https:\/\/www.facebook.com\/tecnicagestaodocumental\" \/>\n<meta property=\"article:modified_time\" content=\"2023-12-01T15:46:49+00:00\" \/>\n<meta property=\"og:image\" content=\"https:\/\/www.tecnica.com.br\/site\/wp-content\/uploads\/2023\/12\/seo-1200.jpg\" \/>\n\t<meta property=\"og:image:width\" content=\"1200\" \/>\n\t<meta property=\"og:image:height\" content=\"675\" \/>\n\t<meta property=\"og:image:type\" content=\"image\/jpeg\" \/>\n<meta name=\"twitter:card\" content=\"summary_large_image\" \/>\n<meta name=\"twitter:site\" content=\"@tecnicadoc\" \/>\n<script type=\"application\/ld+json\" class=\"yoast-schema-graph\">{\"@context\":\"https:\\\/\\\/schema.org\",\"@graph\":[{\"@type\":\"WebPage\",\"@id\":\"https:\\\/\\\/www.tecnica.com.br\\\/site\\\/fale-conosco\\\/\",\"url\":\"https:\\\/\\\/www.tecnica.com.br\\\/site\\\/fale-conosco\\\/\",\"name\":\"Fale conosco - T\u00e9cnica Gest\u00e3o Documental\",\"isPartOf\":{\"@id\":\"http:\\\/\\\/www.tecnica.com.br\\\/site\\\/#website\"},\"datePublished\":\"2018-04-16T11:53:15+00:00\",\"dateModified\":\"2023-12-01T15:46:49+00:00\",\"breadcrumb\":{\"@id\":\"https:\\\/\\\/www.tecnica.com.br\\\/site\\\/fale-conosco\\\/#breadcrumb\"},\"inLanguage\":\"pt-BR\",\"potentialAction\":[{\"@type\":\"ReadAction\",\"target\":[\"https:\\\/\\\/www.tecnica.com.br\\\/site\\\/fale-conosco\\\/\"]}]},{\"@type\":\"BreadcrumbList\",\"@id\":\"https:\\\/\\\/www.tecnica.com.br\\\/site\\\/fale-conosco\\\/#breadcrumb\",\"itemListElement\":[{\"@type\":\"ListItem\",\"position\":1,\"name\":\"In\u00edcio\",\"item\":\"https:\\\/\\\/www.tecnica.com.br\\\/site\\\/\"},{\"@type\":\"ListItem\",\"position\":2,\"name\":\"Fale conosco\"}]},{\"@type\":\"WebSite\",\"@id\":\"http:\\\/\\\/www.tecnica.com.br\\\/site\\\/#website\",\"url\":\"http:\\\/\\\/www.tecnica.com.br\\\/site\\\/\",\"name\":\"T\u00e9cnica Gest\u00e3o Documental\",\"description\":\"Melhores solu\u00e7\u00f5es em Gest\u00e3o Documental\",\"alternateName\":\"T\u00e9cnica\",\"potentialAction\":[{\"@type\":\"SearchAction\",\"target\":{\"@type\":\"EntryPoint\",\"urlTemplate\":\"http:\\\/\\\/www.tecnica.com.br\\\/site\\\/?s={search_term_string}\"},\"query-input\":{\"@type\":\"PropertyValueSpecification\",\"valueRequired\":true,\"valueName\":\"search_term_string\"}}],\"inLanguage\":\"pt-BR\"}]}<\/script>\n<!-- \/ Yoast SEO plugin. -->","yoast_head_json":{"title":"Fale conosco - T\u00e9cnica Gest\u00e3o Documental","robots":{"index":"index","follow":"follow","max-snippet":"max-snippet:-1","max-image-preview":"max-image-preview:large","max-video-preview":"max-video-preview:-1"},"canonical":"https:\/\/www.tecnica.com.br\/site\/fale-conosco\/","og_locale":"pt_BR","og_type":"article","og_title":"Fale conosco - T\u00e9cnica Gest\u00e3o Documental","og_description":"Preencha o formul\u00e1rio abaixo para entrar em contato conosco. Ou fale conosco atrav\u00e9s de nosso telefone, e-mail e endere\u00e7o ao ladoabaixo do formul\u00e1rio.","og_url":"https:\/\/www.tecnica.com.br\/site\/fale-conosco\/","og_site_name":"T\u00e9cnica Gest\u00e3o Documental","article_publisher":"https:\/\/www.facebook.com\/tecnicagestaodocumental","article_modified_time":"2023-12-01T15:46:49+00:00","og_image":[{"width":1200,"height":675,"url":"https:\/\/www.tecnica.com.br\/site\/wp-content\/uploads\/2023\/12\/seo-1200.jpg","type":"image\/jpeg"}],"twitter_card":"summary_large_image","twitter_site":"@tecnicadoc","schema":{"@context":"https:\/\/schema.org","@graph":[{"@type":"WebPage","@id":"https:\/\/www.tecnica.com.br\/site\/fale-conosco\/","url":"https:\/\/www.tecnica.com.br\/site\/fale-conosco\/","name":"Fale conosco - T\u00e9cnica Gest\u00e3o Documental","isPartOf":{"@id":"http:\/\/www.tecnica.com.br\/site\/#website"},"datePublished":"2018-04-16T11:53:15+00:00","dateModified":"2023-12-01T15:46:49+00:00","breadcrumb":{"@id":"https:\/\/www.tecnica.com.br\/site\/fale-conosco\/#breadcrumb"},"inLanguage":"pt-BR","potentialAction":[{"@type":"ReadAction","target":["https:\/\/www.tecnica.com.br\/site\/fale-conosco\/"]}]},{"@type":"BreadcrumbList","@id":"https:\/\/www.tecnica.com.br\/site\/fale-conosco\/#breadcrumb","itemListElement":[{"@type":"ListItem","position":1,"name":"In\u00edcio","item":"https:\/\/www.tecnica.com.br\/site\/"},{"@type":"ListItem","position":2,"name":"Fale conosco"}]},{"@type":"WebSite","@id":"http:\/\/www.tecnica.com.br\/site\/#website","url":"http:\/\/www.tecnica.com.br\/site\/","name":"T\u00e9cnica Gest\u00e3o Documental","description":"Melhores solu\u00e7\u00f5es em Gest\u00e3o Documental","alternateName":"T\u00e9cnica","potentialAction":[{"@type":"SearchAction","target":{"@type":"EntryPoint","urlTemplate":"http:\/\/www.tecnica.com.br\/site\/?s={search_term_string}"},"query-input":{"@type":"PropertyValueSpecification","valueRequired":true,"valueName":"search_term_string"}}],"inLanguage":"pt-BR"}]}},"_links":{"self":[{"href":"https:\/\/www.tecnica.com.br\/site\/wp-json\/wp\/v2\/pages\/15","targetHints":{"allow":["GET"]}}],"collection":[{"href":"https:\/\/www.tecnica.com.br\/site\/wp-json\/wp\/v2\/pages"}],"about":[{"href":"https:\/\/www.tecnica.com.br\/site\/wp-json\/wp\/v2\/types\/page"}],"author":[{"embeddable":true,"href":"https:\/\/www.tecnica.com.br\/site\/wp-json\/wp\/v2\/users\/2"}],"replies":[{"embeddable":true,"href":"https:\/\/www.tecnica.com.br\/site\/wp-json\/wp\/v2\/comments?post=15"}],"version-history":[{"count":4,"href":"https:\/\/www.tecnica.com.br\/site\/wp-json\/wp\/v2\/pages\/15\/revisions"}],"predecessor-version":[{"id":128,"href":"https:\/\/www.tecnica.com.br\/site\/wp-json\/wp\/v2\/pages\/15\/revisions\/128"}],"wp:attachment":[{"href":"https:\/\/www.tecnica.com.br\/site\/wp-json\/wp\/v2\/media?parent=15"}],"curies":[{"name":"wp","href":"https:\/\/api.w.org\/{rel}","templated":true}]}}