{"id":1377,"date":"2024-02-09T15:59:09","date_gmt":"2024-02-09T18:59:09","guid":{"rendered":"https:\/\/www.tecnica.com.br\/homologacao\/?page_id=1377"},"modified":"2026-03-10T17:34:44","modified_gmt":"2026-03-10T20:34:44","slug":"landingpage-para-homestorage","status":"publish","type":"page","link":"https:\/\/www.tecnica.com.br\/site\/landingpage-para-homestorage\/","title":{"rendered":"Landingpage para Home Storage"},"content":{"rendered":"\n<p>Para que ocupar espa\u00e7os internos com documentos f\u00edsicos de seu arquivo inativo? Com o <strong>TECSTAR HOME STORAGE\u00ae<\/strong> sua empresa libera \u00e1reas internas e ainda garante maior efici\u00eancia para seu arquivo.<br>Isso porque esse espa\u00e7o de guarda de documentos externo \u00e9 gerenciado pela <strong>T\u00c9CNICA<\/strong>, especialista em Gest\u00e3o de Documentos, garantindo excel\u00eancia no processo e custos racionais e previs\u00edveis.<\/p>\n\n\n\n<p>Com a solu\u00e7\u00e3o sua empresa pode guardar at\u00e9 <strong>600 caixas de documentos<\/strong>, com cust\u00f3dia, gest\u00e3o e custos transparentes. O servi\u00e7o est\u00e1 dispon\u00edvel para empresas localizadas em Piracicaba e cidades vizinhas. Fa\u00e7a uma consulta para outras regi\u00f5es.<\/p>\n\n\n\n<p>Fa\u00e7a um or\u00e7amento online do servi\u00e7o de guarda da <strong>T\u00c9CNICA<\/strong>. Mas se preferir um atendimento personalizada, estamos \u00e0 disposi\u00e7\u00e3o. <a href=\"https:\/\/www.tecnica.com.br\/site\/fale-conosco\/\">Entre em contato!<\/a><\/p>\n","protected":false},"excerpt":{"rendered":"<p>Para que ocupar espa\u00e7os internos com documentos f\u00edsicos de seu arquivo inativo? Com o TECSTAR HOME STORAGE\u00ae sua empresa libera \u00e1reas internas e ainda garante maior efici\u00eancia para seu arquivo.Isso porque esse espa\u00e7o de guarda de documentos externo \u00e9 gerenciado pela T\u00c9CNICA, especialista em Gest\u00e3o de Documentos, garantindo excel\u00eancia no processo e custos racionais e &hellip; <a href=\"https:\/\/www.tecnica.com.br\/site\/landingpage-para-homestorage\/\">Continua<\/a><\/p>\n","protected":false},"author":2,"featured_media":1419,"parent":0,"menu_order":0,"comment_status":"closed","ping_status":"closed","template":"page-lp-homestorage.php","meta":{"_acf_changed":false,"footnotes":""},"class_list":["post-1377","page","type-page","status-publish","has-post-thumbnail","hentry"],"acf":[],"yoast_head":"<!-- This site is optimized with the Yoast SEO plugin v27.4 - https:\/\/yoast.com\/product\/yoast-seo-wordpress\/ -->\n<title>Landingpage para Home Storage - T\u00e9cnica Gest\u00e3o Documental<\/title>\n<meta name=\"description\" content=\"Com o TECSTAR HOME STORAGE voc\u00ea liberar \u00e1reas internas da empresa e garante maior efici\u00eancia para o arquivo\" \/>\n<meta name=\"robots\" content=\"index, follow, max-snippet:-1, max-image-preview:large, max-video-preview:-1\" \/>\n<link rel=\"canonical\" href=\"https:\/\/www.tecnica.com.br\/site\/landingpage-para-homestorage\/\" \/>\n<meta property=\"og:locale\" content=\"pt_BR\" \/>\n<meta property=\"og:type\" content=\"article\" \/>\n<meta property=\"og:title\" content=\"Landingpage para Home Storage - T\u00e9cnica Gest\u00e3o Documental\" \/>\n<meta property=\"og:description\" content=\"Com o TECSTAR HOME STORAGE voc\u00ea liberar \u00e1reas internas da empresa e garante maior efici\u00eancia para o arquivo\" \/>\n<meta property=\"og:url\" content=\"https:\/\/www.tecnica.com.br\/site\/landingpage-para-homestorage\/\" \/>\n<meta property=\"og:site_name\" content=\"T\u00e9cnica Gest\u00e3o Documental\" \/>\n<meta property=\"article:publisher\" content=\"https:\/\/www.facebook.com\/tecnicagestaodocumental\" \/>\n<meta property=\"article:modified_time\" content=\"2026-03-10T20:34:44+00:00\" \/>\n<meta property=\"og:image\" content=\"https:\/\/www.tecnica.com.br\/site\/wp-content\/uploads\/2024\/02\/cover-lp-homestorage-1.jpg\" \/>\n\t<meta property=\"og:image:width\" content=\"1310\" \/>\n\t<meta property=\"og:image:height\" content=\"400\" \/>\n\t<meta property=\"og:image:type\" content=\"image\/jpeg\" \/>\n<meta name=\"twitter:card\" content=\"summary_large_image\" \/>\n<meta name=\"twitter:site\" content=\"@tecnicadoc\" \/>\n<meta name=\"twitter:label1\" content=\"Est. tempo de leitura\" \/>\n\t<meta name=\"twitter:data1\" content=\"1 minuto\" \/>\n<script type=\"application\/ld+json\" class=\"yoast-schema-graph\">{\"@context\":\"https:\\\/\\\/schema.org\",\"@graph\":[{\"@type\":\"WebPage\",\"@id\":\"https:\\\/\\\/www.tecnica.com.br\\\/site\\\/landingpage-para-homestorage\\\/\",\"url\":\"https:\\\/\\\/www.tecnica.com.br\\\/site\\\/landingpage-para-homestorage\\\/\",\"name\":\"Landingpage para Home Storage - T\u00e9cnica Gest\u00e3o Documental\",\"isPartOf\":{\"@id\":\"http:\\\/\\\/www.tecnica.com.br\\\/site\\\/#website\"},\"primaryImageOfPage\":{\"@id\":\"https:\\\/\\\/www.tecnica.com.br\\\/site\\\/landingpage-para-homestorage\\\/#primaryimage\"},\"image\":{\"@id\":\"https:\\\/\\\/www.tecnica.com.br\\\/site\\\/landingpage-para-homestorage\\\/#primaryimage\"},\"thumbnailUrl\":\"https:\\\/\\\/www.tecnica.com.br\\\/site\\\/wp-content\\\/uploads\\\/2024\\\/02\\\/cover-lp-homestorage-1.jpg\",\"datePublished\":\"2024-02-09T18:59:09+00:00\",\"dateModified\":\"2026-03-10T20:34:44+00:00\",\"description\":\"Com o TECSTAR HOME STORAGE voc\u00ea liberar \u00e1reas internas da empresa e garante maior efici\u00eancia para o arquivo\",\"breadcrumb\":{\"@id\":\"https:\\\/\\\/www.tecnica.com.br\\\/site\\\/landingpage-para-homestorage\\\/#breadcrumb\"},\"inLanguage\":\"pt-BR\",\"potentialAction\":[{\"@type\":\"ReadAction\",\"target\":[\"https:\\\/\\\/www.tecnica.com.br\\\/site\\\/landingpage-para-homestorage\\\/\"]}]},{\"@type\":\"ImageObject\",\"inLanguage\":\"pt-BR\",\"@id\":\"https:\\\/\\\/www.tecnica.com.br\\\/site\\\/landingpage-para-homestorage\\\/#primaryimage\",\"url\":\"https:\\\/\\\/www.tecnica.com.br\\\/site\\\/wp-content\\\/uploads\\\/2024\\\/02\\\/cover-lp-homestorage-1.jpg\",\"contentUrl\":\"https:\\\/\\\/www.tecnica.com.br\\\/site\\\/wp-content\\\/uploads\\\/2024\\\/02\\\/cover-lp-homestorage-1.jpg\",\"width\":1310,\"height\":400},{\"@type\":\"BreadcrumbList\",\"@id\":\"https:\\\/\\\/www.tecnica.com.br\\\/site\\\/landingpage-para-homestorage\\\/#breadcrumb\",\"itemListElement\":[{\"@type\":\"ListItem\",\"position\":1,\"name\":\"In\u00edcio\",\"item\":\"https:\\\/\\\/www.tecnica.com.br\\\/site\\\/\"},{\"@type\":\"ListItem\",\"position\":2,\"name\":\"Landingpage para Home Storage\"}]},{\"@type\":\"WebSite\",\"@id\":\"http:\\\/\\\/www.tecnica.com.br\\\/site\\\/#website\",\"url\":\"http:\\\/\\\/www.tecnica.com.br\\\/site\\\/\",\"name\":\"T\u00e9cnica Gest\u00e3o Documental\",\"description\":\"Melhores solu\u00e7\u00f5es em Gest\u00e3o Documental\",\"alternateName\":\"T\u00e9cnica\",\"potentialAction\":[{\"@type\":\"SearchAction\",\"target\":{\"@type\":\"EntryPoint\",\"urlTemplate\":\"http:\\\/\\\/www.tecnica.com.br\\\/site\\\/?s={search_term_string}\"},\"query-input\":{\"@type\":\"PropertyValueSpecification\",\"valueRequired\":true,\"valueName\":\"search_term_string\"}}],\"inLanguage\":\"pt-BR\"}]}<\/script>\n<!-- \/ Yoast SEO plugin. -->","yoast_head_json":{"title":"Landingpage para Home Storage - T\u00e9cnica Gest\u00e3o Documental","description":"Com o TECSTAR HOME STORAGE voc\u00ea liberar \u00e1reas internas da empresa e garante maior efici\u00eancia para o arquivo","robots":{"index":"index","follow":"follow","max-snippet":"max-snippet:-1","max-image-preview":"max-image-preview:large","max-video-preview":"max-video-preview:-1"},"canonical":"https:\/\/www.tecnica.com.br\/site\/landingpage-para-homestorage\/","og_locale":"pt_BR","og_type":"article","og_title":"Landingpage para Home Storage - T\u00e9cnica Gest\u00e3o Documental","og_description":"Com o TECSTAR HOME STORAGE voc\u00ea liberar \u00e1reas internas da empresa e garante maior efici\u00eancia para o arquivo","og_url":"https:\/\/www.tecnica.com.br\/site\/landingpage-para-homestorage\/","og_site_name":"T\u00e9cnica Gest\u00e3o Documental","article_publisher":"https:\/\/www.facebook.com\/tecnicagestaodocumental","article_modified_time":"2026-03-10T20:34:44+00:00","og_image":[{"width":1310,"height":400,"url":"https:\/\/www.tecnica.com.br\/site\/wp-content\/uploads\/2024\/02\/cover-lp-homestorage-1.jpg","type":"image\/jpeg"}],"twitter_card":"summary_large_image","twitter_site":"@tecnicadoc","twitter_misc":{"Est. tempo de leitura":"1 minuto"},"schema":{"@context":"https:\/\/schema.org","@graph":[{"@type":"WebPage","@id":"https:\/\/www.tecnica.com.br\/site\/landingpage-para-homestorage\/","url":"https:\/\/www.tecnica.com.br\/site\/landingpage-para-homestorage\/","name":"Landingpage para Home Storage - T\u00e9cnica Gest\u00e3o Documental","isPartOf":{"@id":"http:\/\/www.tecnica.com.br\/site\/#website"},"primaryImageOfPage":{"@id":"https:\/\/www.tecnica.com.br\/site\/landingpage-para-homestorage\/#primaryimage"},"image":{"@id":"https:\/\/www.tecnica.com.br\/site\/landingpage-para-homestorage\/#primaryimage"},"thumbnailUrl":"https:\/\/www.tecnica.com.br\/site\/wp-content\/uploads\/2024\/02\/cover-lp-homestorage-1.jpg","datePublished":"2024-02-09T18:59:09+00:00","dateModified":"2026-03-10T20:34:44+00:00","description":"Com o TECSTAR HOME STORAGE voc\u00ea liberar \u00e1reas internas da empresa e garante maior efici\u00eancia para o arquivo","breadcrumb":{"@id":"https:\/\/www.tecnica.com.br\/site\/landingpage-para-homestorage\/#breadcrumb"},"inLanguage":"pt-BR","potentialAction":[{"@type":"ReadAction","target":["https:\/\/www.tecnica.com.br\/site\/landingpage-para-homestorage\/"]}]},{"@type":"ImageObject","inLanguage":"pt-BR","@id":"https:\/\/www.tecnica.com.br\/site\/landingpage-para-homestorage\/#primaryimage","url":"https:\/\/www.tecnica.com.br\/site\/wp-content\/uploads\/2024\/02\/cover-lp-homestorage-1.jpg","contentUrl":"https:\/\/www.tecnica.com.br\/site\/wp-content\/uploads\/2024\/02\/cover-lp-homestorage-1.jpg","width":1310,"height":400},{"@type":"BreadcrumbList","@id":"https:\/\/www.tecnica.com.br\/site\/landingpage-para-homestorage\/#breadcrumb","itemListElement":[{"@type":"ListItem","position":1,"name":"In\u00edcio","item":"https:\/\/www.tecnica.com.br\/site\/"},{"@type":"ListItem","position":2,"name":"Landingpage para Home Storage"}]},{"@type":"WebSite","@id":"http:\/\/www.tecnica.com.br\/site\/#website","url":"http:\/\/www.tecnica.com.br\/site\/","name":"T\u00e9cnica Gest\u00e3o Documental","description":"Melhores solu\u00e7\u00f5es em Gest\u00e3o Documental","alternateName":"T\u00e9cnica","potentialAction":[{"@type":"SearchAction","target":{"@type":"EntryPoint","urlTemplate":"http:\/\/www.tecnica.com.br\/site\/?s={search_term_string}"},"query-input":{"@type":"PropertyValueSpecification","valueRequired":true,"valueName":"search_term_string"}}],"inLanguage":"pt-BR"}]}},"_links":{"self":[{"href":"https:\/\/www.tecnica.com.br\/site\/wp-json\/wp\/v2\/pages\/1377","targetHints":{"allow":["GET"]}}],"collection":[{"href":"https:\/\/www.tecnica.com.br\/site\/wp-json\/wp\/v2\/pages"}],"about":[{"href":"https:\/\/www.tecnica.com.br\/site\/wp-json\/wp\/v2\/types\/page"}],"author":[{"embeddable":true,"href":"https:\/\/www.tecnica.com.br\/site\/wp-json\/wp\/v2\/users\/2"}],"replies":[{"embeddable":true,"href":"https:\/\/www.tecnica.com.br\/site\/wp-json\/wp\/v2\/comments?post=1377"}],"version-history":[{"count":8,"href":"https:\/\/www.tecnica.com.br\/site\/wp-json\/wp\/v2\/pages\/1377\/revisions"}],"predecessor-version":[{"id":1692,"href":"https:\/\/www.tecnica.com.br\/site\/wp-json\/wp\/v2\/pages\/1377\/revisions\/1692"}],"wp:featuredmedia":[{"embeddable":true,"href":"https:\/\/www.tecnica.com.br\/site\/wp-json\/wp\/v2\/media\/1419"}],"wp:attachment":[{"href":"https:\/\/www.tecnica.com.br\/site\/wp-json\/wp\/v2\/media?parent=1377"}],"curies":[{"name":"wp","href":"https:\/\/api.w.org\/{rel}","templated":true}]}}