{"id":1375,"date":"2024-02-09T15:57:26","date_gmt":"2024-02-09T18:57:26","guid":{"rendered":"https:\/\/www.tecnica.com.br\/homologacao\/?page_id=1375"},"modified":"2026-03-10T17:35:42","modified_gmt":"2026-03-10T20:35:42","slug":"landing-page-para-digitalizacao","status":"publish","type":"page","link":"https:\/\/www.tecnica.com.br\/site\/landing-page-para-digitalizacao\/","title":{"rendered":"Landing page Digitaliza\u00e7\u00e3o"},"content":{"rendered":"\n<p>Se sua empresa tem arquivos de documentos f\u00edsicos, n\u00e3o importa o tamanho ou o tipo de documento: <strong>digitalize<\/strong>. Com essa a\u00e7\u00e3o, sua empresa pode virtualizar praticamente todos os processos administrativos e gerenciais.<br>E, ao digitalizar com a <strong>T\u00c9CNICA<\/strong>, sua empresa tem acesso as melhores solu\u00e7\u00f5es em gest\u00e3o documental, o que pode otimizar ainda mais seu arquivo e reduzir a gera\u00e7\u00e3o de novos documentos em papel.<\/p>\n\n\n\n<p>Mas aten\u00e7\u00e3o: digitalizar n\u00e3o \u00e9 tirar fotoc\u00f3pias, digitalizar envolve procedimentos que garantem a efetividade da gest\u00e3o documental, com localiza\u00e7\u00e3o imediata dos documentos. Fa\u00e7a um or\u00e7amento online do servi\u00e7o de digitaliza\u00e7\u00e3o da <strong>T\u00c9CNICA<\/strong>. Mas se preferir um atendimento personalizada, estamos \u00e0 disposi\u00e7\u00e3o. <a href=\"https:\/\/www.tecnica.com.br\/site\/fale-conosco\/\">Entre em contato!<\/a><\/p>\n","protected":false},"excerpt":{"rendered":"<p>Se sua empresa tem arquivos de documentos f\u00edsicos, n\u00e3o importa o tamanho ou o tipo de documento: digitalize. Com essa a\u00e7\u00e3o, sua empresa pode virtualizar praticamente todos os processos administrativos e gerenciais.E, ao digitalizar com a T\u00c9CNICA, sua empresa tem acesso as melhores solu\u00e7\u00f5es em gest\u00e3o documental, o que pode otimizar ainda mais seu arquivo &hellip; <a href=\"https:\/\/www.tecnica.com.br\/site\/landing-page-para-digitalizacao\/\">Continua<\/a><\/p>\n","protected":false},"author":2,"featured_media":1381,"parent":0,"menu_order":0,"comment_status":"closed","ping_status":"closed","template":"page-lp-digitalizacao.php","meta":{"_acf_changed":false,"footnotes":""},"class_list":["post-1375","page","type-page","status-publish","has-post-thumbnail","hentry"],"acf":[],"yoast_head":"<!-- This site is optimized with the Yoast SEO plugin v27.4 - https:\/\/yoast.com\/product\/yoast-seo-wordpress\/ -->\n<title>Landing page Digitaliza\u00e7\u00e3o - T\u00e9cnica Gest\u00e3o Documental<\/title>\n<meta name=\"description\" content=\"Se sua empresa tem arquivos de documentos f\u00edsicos, n\u00e3o importa o tamanho ou tipo de documento, digitalize com a T\u00c9CNICA\" \/>\n<meta name=\"robots\" content=\"index, follow, max-snippet:-1, max-image-preview:large, max-video-preview:-1\" \/>\n<link rel=\"canonical\" href=\"https:\/\/www.tecnica.com.br\/site\/landing-page-para-digitalizacao\/\" \/>\n<meta property=\"og:locale\" content=\"pt_BR\" \/>\n<meta property=\"og:type\" content=\"article\" \/>\n<meta property=\"og:title\" content=\"Landing page Digitaliza\u00e7\u00e3o - T\u00e9cnica Gest\u00e3o Documental\" \/>\n<meta property=\"og:description\" content=\"Se sua empresa tem arquivos de documentos f\u00edsicos, n\u00e3o importa o tamanho ou tipo de documento, digitalize com a T\u00c9CNICA\" \/>\n<meta property=\"og:url\" content=\"https:\/\/www.tecnica.com.br\/site\/landing-page-para-digitalizacao\/\" \/>\n<meta property=\"og:site_name\" content=\"T\u00e9cnica Gest\u00e3o Documental\" \/>\n<meta property=\"article:publisher\" content=\"https:\/\/www.facebook.com\/tecnicagestaodocumental\" \/>\n<meta property=\"article:modified_time\" content=\"2026-03-10T20:35:42+00:00\" \/>\n<meta property=\"og:image\" content=\"https:\/\/www.tecnica.com.br\/site\/wp-content\/uploads\/2024\/02\/cover-lp-digitalizacao.jpg\" \/>\n\t<meta property=\"og:image:width\" content=\"1310\" \/>\n\t<meta property=\"og:image:height\" content=\"400\" \/>\n\t<meta property=\"og:image:type\" content=\"image\/jpeg\" \/>\n<meta name=\"twitter:card\" content=\"summary_large_image\" \/>\n<meta name=\"twitter:site\" content=\"@tecnicadoc\" \/>\n<meta name=\"twitter:label1\" content=\"Est. tempo de leitura\" \/>\n\t<meta name=\"twitter:data1\" content=\"1 minuto\" \/>\n<script type=\"application\/ld+json\" class=\"yoast-schema-graph\">{\"@context\":\"https:\\\/\\\/schema.org\",\"@graph\":[{\"@type\":\"WebPage\",\"@id\":\"https:\\\/\\\/www.tecnica.com.br\\\/site\\\/landing-page-para-digitalizacao\\\/\",\"url\":\"https:\\\/\\\/www.tecnica.com.br\\\/site\\\/landing-page-para-digitalizacao\\\/\",\"name\":\"Landing page Digitaliza\u00e7\u00e3o - T\u00e9cnica Gest\u00e3o Documental\",\"isPartOf\":{\"@id\":\"http:\\\/\\\/www.tecnica.com.br\\\/site\\\/#website\"},\"primaryImageOfPage\":{\"@id\":\"https:\\\/\\\/www.tecnica.com.br\\\/site\\\/landing-page-para-digitalizacao\\\/#primaryimage\"},\"image\":{\"@id\":\"https:\\\/\\\/www.tecnica.com.br\\\/site\\\/landing-page-para-digitalizacao\\\/#primaryimage\"},\"thumbnailUrl\":\"https:\\\/\\\/www.tecnica.com.br\\\/site\\\/wp-content\\\/uploads\\\/2024\\\/02\\\/cover-lp-digitalizacao.jpg\",\"datePublished\":\"2024-02-09T18:57:26+00:00\",\"dateModified\":\"2026-03-10T20:35:42+00:00\",\"description\":\"Se sua empresa tem arquivos de documentos f\u00edsicos, n\u00e3o importa o tamanho ou tipo de documento, digitalize com a T\u00c9CNICA\",\"breadcrumb\":{\"@id\":\"https:\\\/\\\/www.tecnica.com.br\\\/site\\\/landing-page-para-digitalizacao\\\/#breadcrumb\"},\"inLanguage\":\"pt-BR\",\"potentialAction\":[{\"@type\":\"ReadAction\",\"target\":[\"https:\\\/\\\/www.tecnica.com.br\\\/site\\\/landing-page-para-digitalizacao\\\/\"]}]},{\"@type\":\"ImageObject\",\"inLanguage\":\"pt-BR\",\"@id\":\"https:\\\/\\\/www.tecnica.com.br\\\/site\\\/landing-page-para-digitalizacao\\\/#primaryimage\",\"url\":\"https:\\\/\\\/www.tecnica.com.br\\\/site\\\/wp-content\\\/uploads\\\/2024\\\/02\\\/cover-lp-digitalizacao.jpg\",\"contentUrl\":\"https:\\\/\\\/www.tecnica.com.br\\\/site\\\/wp-content\\\/uploads\\\/2024\\\/02\\\/cover-lp-digitalizacao.jpg\",\"width\":1310,\"height\":400},{\"@type\":\"BreadcrumbList\",\"@id\":\"https:\\\/\\\/www.tecnica.com.br\\\/site\\\/landing-page-para-digitalizacao\\\/#breadcrumb\",\"itemListElement\":[{\"@type\":\"ListItem\",\"position\":1,\"name\":\"In\u00edcio\",\"item\":\"https:\\\/\\\/www.tecnica.com.br\\\/site\\\/\"},{\"@type\":\"ListItem\",\"position\":2,\"name\":\"Landing page Digitaliza\u00e7\u00e3o\"}]},{\"@type\":\"WebSite\",\"@id\":\"http:\\\/\\\/www.tecnica.com.br\\\/site\\\/#website\",\"url\":\"http:\\\/\\\/www.tecnica.com.br\\\/site\\\/\",\"name\":\"T\u00e9cnica Gest\u00e3o Documental\",\"description\":\"Melhores solu\u00e7\u00f5es em Gest\u00e3o Documental\",\"alternateName\":\"T\u00e9cnica\",\"potentialAction\":[{\"@type\":\"SearchAction\",\"target\":{\"@type\":\"EntryPoint\",\"urlTemplate\":\"http:\\\/\\\/www.tecnica.com.br\\\/site\\\/?s={search_term_string}\"},\"query-input\":{\"@type\":\"PropertyValueSpecification\",\"valueRequired\":true,\"valueName\":\"search_term_string\"}}],\"inLanguage\":\"pt-BR\"}]}<\/script>\n<!-- \/ Yoast SEO plugin. -->","yoast_head_json":{"title":"Landing page Digitaliza\u00e7\u00e3o - T\u00e9cnica Gest\u00e3o Documental","description":"Se sua empresa tem arquivos de documentos f\u00edsicos, n\u00e3o importa o tamanho ou tipo de documento, digitalize com a T\u00c9CNICA","robots":{"index":"index","follow":"follow","max-snippet":"max-snippet:-1","max-image-preview":"max-image-preview:large","max-video-preview":"max-video-preview:-1"},"canonical":"https:\/\/www.tecnica.com.br\/site\/landing-page-para-digitalizacao\/","og_locale":"pt_BR","og_type":"article","og_title":"Landing page Digitaliza\u00e7\u00e3o - T\u00e9cnica Gest\u00e3o Documental","og_description":"Se sua empresa tem arquivos de documentos f\u00edsicos, n\u00e3o importa o tamanho ou tipo de documento, digitalize com a T\u00c9CNICA","og_url":"https:\/\/www.tecnica.com.br\/site\/landing-page-para-digitalizacao\/","og_site_name":"T\u00e9cnica Gest\u00e3o Documental","article_publisher":"https:\/\/www.facebook.com\/tecnicagestaodocumental","article_modified_time":"2026-03-10T20:35:42+00:00","og_image":[{"width":1310,"height":400,"url":"https:\/\/www.tecnica.com.br\/site\/wp-content\/uploads\/2024\/02\/cover-lp-digitalizacao.jpg","type":"image\/jpeg"}],"twitter_card":"summary_large_image","twitter_site":"@tecnicadoc","twitter_misc":{"Est. tempo de leitura":"1 minuto"},"schema":{"@context":"https:\/\/schema.org","@graph":[{"@type":"WebPage","@id":"https:\/\/www.tecnica.com.br\/site\/landing-page-para-digitalizacao\/","url":"https:\/\/www.tecnica.com.br\/site\/landing-page-para-digitalizacao\/","name":"Landing page Digitaliza\u00e7\u00e3o - T\u00e9cnica Gest\u00e3o Documental","isPartOf":{"@id":"http:\/\/www.tecnica.com.br\/site\/#website"},"primaryImageOfPage":{"@id":"https:\/\/www.tecnica.com.br\/site\/landing-page-para-digitalizacao\/#primaryimage"},"image":{"@id":"https:\/\/www.tecnica.com.br\/site\/landing-page-para-digitalizacao\/#primaryimage"},"thumbnailUrl":"https:\/\/www.tecnica.com.br\/site\/wp-content\/uploads\/2024\/02\/cover-lp-digitalizacao.jpg","datePublished":"2024-02-09T18:57:26+00:00","dateModified":"2026-03-10T20:35:42+00:00","description":"Se sua empresa tem arquivos de documentos f\u00edsicos, n\u00e3o importa o tamanho ou tipo de documento, digitalize com a T\u00c9CNICA","breadcrumb":{"@id":"https:\/\/www.tecnica.com.br\/site\/landing-page-para-digitalizacao\/#breadcrumb"},"inLanguage":"pt-BR","potentialAction":[{"@type":"ReadAction","target":["https:\/\/www.tecnica.com.br\/site\/landing-page-para-digitalizacao\/"]}]},{"@type":"ImageObject","inLanguage":"pt-BR","@id":"https:\/\/www.tecnica.com.br\/site\/landing-page-para-digitalizacao\/#primaryimage","url":"https:\/\/www.tecnica.com.br\/site\/wp-content\/uploads\/2024\/02\/cover-lp-digitalizacao.jpg","contentUrl":"https:\/\/www.tecnica.com.br\/site\/wp-content\/uploads\/2024\/02\/cover-lp-digitalizacao.jpg","width":1310,"height":400},{"@type":"BreadcrumbList","@id":"https:\/\/www.tecnica.com.br\/site\/landing-page-para-digitalizacao\/#breadcrumb","itemListElement":[{"@type":"ListItem","position":1,"name":"In\u00edcio","item":"https:\/\/www.tecnica.com.br\/site\/"},{"@type":"ListItem","position":2,"name":"Landing page Digitaliza\u00e7\u00e3o"}]},{"@type":"WebSite","@id":"http:\/\/www.tecnica.com.br\/site\/#website","url":"http:\/\/www.tecnica.com.br\/site\/","name":"T\u00e9cnica Gest\u00e3o Documental","description":"Melhores solu\u00e7\u00f5es em Gest\u00e3o Documental","alternateName":"T\u00e9cnica","potentialAction":[{"@type":"SearchAction","target":{"@type":"EntryPoint","urlTemplate":"http:\/\/www.tecnica.com.br\/site\/?s={search_term_string}"},"query-input":{"@type":"PropertyValueSpecification","valueRequired":true,"valueName":"search_term_string"}}],"inLanguage":"pt-BR"}]}},"_links":{"self":[{"href":"https:\/\/www.tecnica.com.br\/site\/wp-json\/wp\/v2\/pages\/1375","targetHints":{"allow":["GET"]}}],"collection":[{"href":"https:\/\/www.tecnica.com.br\/site\/wp-json\/wp\/v2\/pages"}],"about":[{"href":"https:\/\/www.tecnica.com.br\/site\/wp-json\/wp\/v2\/types\/page"}],"author":[{"embeddable":true,"href":"https:\/\/www.tecnica.com.br\/site\/wp-json\/wp\/v2\/users\/2"}],"replies":[{"embeddable":true,"href":"https:\/\/www.tecnica.com.br\/site\/wp-json\/wp\/v2\/comments?post=1375"}],"version-history":[{"count":9,"href":"https:\/\/www.tecnica.com.br\/site\/wp-json\/wp\/v2\/pages\/1375\/revisions"}],"predecessor-version":[{"id":1695,"href":"https:\/\/www.tecnica.com.br\/site\/wp-json\/wp\/v2\/pages\/1375\/revisions\/1695"}],"wp:featuredmedia":[{"embeddable":true,"href":"https:\/\/www.tecnica.com.br\/site\/wp-json\/wp\/v2\/media\/1381"}],"wp:attachment":[{"href":"https:\/\/www.tecnica.com.br\/site\/wp-json\/wp\/v2\/media?parent=1375"}],"curies":[{"name":"wp","href":"https:\/\/api.w.org\/{rel}","templated":true}]}}