{"id":13,"date":"2018-04-16T08:50:09","date_gmt":"2018-04-16T11:50:09","guid":{"rendered":"http:\/\/localhost\/base\/sitenovo\/?page_id=13"},"modified":"2025-02-05T16:49:16","modified_gmt":"2025-02-05T19:49:16","slug":"tecnica-especializada-em-organizacao-de-arquivos-fisicos-e-digitais","status":"publish","type":"page","link":"https:\/\/www.tecnica.com.br\/site\/tecnica-especializada-em-organizacao-de-arquivos-fisicos-e-digitais\/","title":{"rendered":"A T\u00e9cnica"},"content":{"rendered":"\n<p>Uma das empresas pioneiras em Gest\u00e3o Documental no Brasil, a T\u00c9CNICA foi criada em 1987, quando lan\u00e7ou no mercado a metodologia TECSTAR\u00ae, uma in\u00e9dita ferramenta nacional para o gerenciamento de documentos.<\/p>\n\n\n\n<p>Atualizada continuamente para incorporar toda a expertise da empresa na Gest\u00e3o Documental, a metodologia \u00e9 resultado do foco nos pontos centrais da nossa inspira\u00e7\u00e3o: inova\u00e7\u00e3o, confiabilidade e um olhar atento \u00e0s necessidades dos clientes.<\/p>\n\n\n\n<div style=\"height:16px\" aria-hidden=\"true\" class=\"wp-block-spacer\"><\/div>\n\n\n\n<h4 class=\"wp-block-heading\">Atua\u00e7\u00e3o multisegmentos<\/h4>\n\n\n\n<p>O portf\u00f3lio de servi\u00e7os est\u00e1 formatado para atender com excel\u00eancia a empresas de grande, m\u00e9dio e pequeno porte. Al\u00e9m disso, atendemos em diversos setores industriais, comerciais e de servi\u00e7os, tais como A\u00e7\u00facar e \u00c1lcool, Automobil\u00edstico, Banc\u00e1rio, Bebidas, Com\u00e9rcio Varejista, Escolas, M\u00e1quinas e Equipamentos, entre outros.<\/p>\n\n\n\n<div style=\"height:16px\" aria-hidden=\"true\" class=\"wp-block-spacer\"><\/div>\n\n\n\n<h4 class=\"wp-block-heading\">Solu\u00e7\u00e3o total e atendimento<\/h4>\n\n\n\n<p>Atuamos desde o diagn\u00f3stico \u00e0 terceiriza\u00e7\u00e3o dos arquivos, passando por todas as fases necess\u00e1rias para o atendimento \u00e0s necessidades do cliente. Temos reconhecimento comprovado sobre a efici\u00eancia do servi\u00e7o prestado.<\/p>\n\n\n\n<div style=\"height:16px\" aria-hidden=\"true\" class=\"wp-block-spacer\"><\/div>\n\n\n\n<h4 class=\"wp-block-heading\">Tecnologia pr\u00f3pria<\/h4>\n\n\n\n<p>A T\u00c9CNICA possui tecnologia pr\u00f3pria para a Gest\u00e3o Documental, proporcionando mais flexibilidade para a implementa\u00e7\u00e3o dos projetos nas empresas, bem como garantindo um caminho seguro para a gest\u00e3o de documentos da sociedade 4.0.<\/p>\n\n\n\n<div style=\"height:32px\" aria-hidden=\"true\" class=\"wp-block-spacer\"><\/div>\n\n\n\n<h5 class=\"wp-block-heading\">Se sua empresa deseja:<\/h5>\n\n\n\n<div style=\"height:16px\" aria-hidden=\"true\" class=\"wp-block-spacer\"><\/div>\n\n\n\n<ul class=\"wp-block-list c-list\">\n<li>Compartilhar arquivos com todos os times tendo uma mesma linguagem nos processos<\/li>\n\n\n\n<li>Acessar documentos de qualquer lugar a qualquer hora com seguran\u00e7a para solucionar suas d\u00favidas<\/li>\n\n\n\n<li>Gerenciar os processos melhor de forma organizada e preservar a informa\u00e7\u00e3o<\/li>\n\n\n\n<li>Ficar livre de preocupa\u00e7\u00f5es com a perda de prazos, com alertas avisando sobre os vencimentos<\/li>\n\n\n\n<li>Tomar decis\u00f5es mais assertivas com base em relat\u00f3rios de conte\u00fado dos documentos, baseadas em dados completos e atualizados<\/li>\n\n\n\n<li>Garantir custos mais acess\u00edveis em armazenamento, sem arquivar dados irrelevantes ou duplicados<\/li>\n<\/ul>\n","protected":false},"excerpt":{"rendered":"<p>Uma das empresas pioneiras em Gest\u00e3o Documental no Brasil, a T\u00c9CNICA foi criada em 1987, quando lan\u00e7ou no mercado a metodologia TECSTAR\u00ae, uma in\u00e9dita ferramenta nacional para o gerenciamento de documentos. Atualizada continuamente para incorporar toda a expertise da empresa na Gest\u00e3o Documental, a metodologia \u00e9 resultado do foco nos pontos centrais da nossa inspira\u00e7\u00e3o: &hellip; <a href=\"https:\/\/www.tecnica.com.br\/site\/tecnica-especializada-em-organizacao-de-arquivos-fisicos-e-digitais\/\">Continua<\/a><\/p>\n","protected":false},"author":2,"featured_media":0,"parent":0,"menu_order":0,"comment_status":"closed","ping_status":"closed","template":"page-a-tecnica.php","meta":{"_acf_changed":false,"footnotes":""},"class_list":["post-13","page","type-page","status-publish","hentry"],"acf":[],"yoast_head":"<!-- This site is optimized with the Yoast SEO plugin v27.4 - https:\/\/yoast.com\/product\/yoast-seo-wordpress\/ -->\n<title>A T\u00e9cnica - T\u00e9cnica Gest\u00e3o Documental<\/title>\n<meta name=\"description\" content=\"A T\u00c9CNICA \u00e9 uma das pioneiras em Gest\u00e3o Documental, com solu\u00e7\u00f5es sob medida para a organiza\u00e7\u00e3o de arquivos f\u00edsicos e digitais\" \/>\n<meta name=\"robots\" content=\"index, follow, max-snippet:-1, max-image-preview:large, max-video-preview:-1\" \/>\n<link rel=\"canonical\" href=\"https:\/\/www.tecnica.com.br\/site\/tecnica-especializada-em-organizacao-de-arquivos-fisicos-e-digitais\/\" \/>\n<meta property=\"og:locale\" content=\"pt_BR\" \/>\n<meta property=\"og:type\" content=\"article\" \/>\n<meta property=\"og:title\" content=\"A T\u00e9cnica - T\u00e9cnica Gest\u00e3o Documental\" \/>\n<meta property=\"og:description\" content=\"A T\u00c9CNICA \u00e9 uma das pioneiras em Gest\u00e3o Documental, com solu\u00e7\u00f5es sob medida para a organiza\u00e7\u00e3o de arquivos f\u00edsicos e digitais\" \/>\n<meta property=\"og:url\" content=\"https:\/\/www.tecnica.com.br\/site\/tecnica-especializada-em-organizacao-de-arquivos-fisicos-e-digitais\/\" \/>\n<meta property=\"og:site_name\" content=\"T\u00e9cnica Gest\u00e3o Documental\" \/>\n<meta property=\"article:publisher\" content=\"https:\/\/www.facebook.com\/tecnicagestaodocumental\" \/>\n<meta property=\"article:modified_time\" content=\"2025-02-05T19:49:16+00:00\" \/>\n<meta property=\"og:image\" content=\"https:\/\/www.tecnica.com.br\/site\/wp-content\/uploads\/2023\/12\/seo-1200.jpg\" \/>\n\t<meta property=\"og:image:width\" content=\"1200\" \/>\n\t<meta property=\"og:image:height\" content=\"675\" \/>\n\t<meta property=\"og:image:type\" content=\"image\/jpeg\" \/>\n<meta name=\"twitter:card\" content=\"summary_large_image\" \/>\n<meta name=\"twitter:site\" content=\"@tecnicadoc\" \/>\n<meta name=\"twitter:label1\" content=\"Est. tempo de leitura\" \/>\n\t<meta name=\"twitter:data1\" content=\"2 minutos\" \/>\n<script type=\"application\/ld+json\" class=\"yoast-schema-graph\">{\"@context\":\"https:\\\/\\\/schema.org\",\"@graph\":[{\"@type\":\"WebPage\",\"@id\":\"https:\\\/\\\/www.tecnica.com.br\\\/site\\\/tecnica-especializada-em-organizacao-de-arquivos-fisicos-e-digitais\\\/\",\"url\":\"https:\\\/\\\/www.tecnica.com.br\\\/site\\\/tecnica-especializada-em-organizacao-de-arquivos-fisicos-e-digitais\\\/\",\"name\":\"A T\u00e9cnica - T\u00e9cnica Gest\u00e3o Documental\",\"isPartOf\":{\"@id\":\"http:\\\/\\\/www.tecnica.com.br\\\/site\\\/#website\"},\"datePublished\":\"2018-04-16T11:50:09+00:00\",\"dateModified\":\"2025-02-05T19:49:16+00:00\",\"description\":\"A T\u00c9CNICA \u00e9 uma das pioneiras em Gest\u00e3o Documental, com solu\u00e7\u00f5es sob medida para a organiza\u00e7\u00e3o de arquivos f\u00edsicos e digitais\",\"breadcrumb\":{\"@id\":\"https:\\\/\\\/www.tecnica.com.br\\\/site\\\/tecnica-especializada-em-organizacao-de-arquivos-fisicos-e-digitais\\\/#breadcrumb\"},\"inLanguage\":\"pt-BR\",\"potentialAction\":[{\"@type\":\"ReadAction\",\"target\":[\"https:\\\/\\\/www.tecnica.com.br\\\/site\\\/tecnica-especializada-em-organizacao-de-arquivos-fisicos-e-digitais\\\/\"]}]},{\"@type\":\"BreadcrumbList\",\"@id\":\"https:\\\/\\\/www.tecnica.com.br\\\/site\\\/tecnica-especializada-em-organizacao-de-arquivos-fisicos-e-digitais\\\/#breadcrumb\",\"itemListElement\":[{\"@type\":\"ListItem\",\"position\":1,\"name\":\"In\u00edcio\",\"item\":\"https:\\\/\\\/www.tecnica.com.br\\\/site\\\/\"},{\"@type\":\"ListItem\",\"position\":2,\"name\":\"A T\u00e9cnica\"}]},{\"@type\":\"WebSite\",\"@id\":\"http:\\\/\\\/www.tecnica.com.br\\\/site\\\/#website\",\"url\":\"http:\\\/\\\/www.tecnica.com.br\\\/site\\\/\",\"name\":\"T\u00e9cnica Gest\u00e3o Documental\",\"description\":\"Melhores solu\u00e7\u00f5es em Gest\u00e3o Documental\",\"alternateName\":\"T\u00e9cnica\",\"potentialAction\":[{\"@type\":\"SearchAction\",\"target\":{\"@type\":\"EntryPoint\",\"urlTemplate\":\"http:\\\/\\\/www.tecnica.com.br\\\/site\\\/?s={search_term_string}\"},\"query-input\":{\"@type\":\"PropertyValueSpecification\",\"valueRequired\":true,\"valueName\":\"search_term_string\"}}],\"inLanguage\":\"pt-BR\"}]}<\/script>\n<!-- \/ Yoast SEO plugin. -->","yoast_head_json":{"title":"A T\u00e9cnica - T\u00e9cnica Gest\u00e3o Documental","description":"A T\u00c9CNICA \u00e9 uma das pioneiras em Gest\u00e3o Documental, com solu\u00e7\u00f5es sob medida para a organiza\u00e7\u00e3o de arquivos f\u00edsicos e digitais","robots":{"index":"index","follow":"follow","max-snippet":"max-snippet:-1","max-image-preview":"max-image-preview:large","max-video-preview":"max-video-preview:-1"},"canonical":"https:\/\/www.tecnica.com.br\/site\/tecnica-especializada-em-organizacao-de-arquivos-fisicos-e-digitais\/","og_locale":"pt_BR","og_type":"article","og_title":"A T\u00e9cnica - T\u00e9cnica Gest\u00e3o Documental","og_description":"A T\u00c9CNICA \u00e9 uma das pioneiras em Gest\u00e3o Documental, com solu\u00e7\u00f5es sob medida para a organiza\u00e7\u00e3o de arquivos f\u00edsicos e digitais","og_url":"https:\/\/www.tecnica.com.br\/site\/tecnica-especializada-em-organizacao-de-arquivos-fisicos-e-digitais\/","og_site_name":"T\u00e9cnica Gest\u00e3o Documental","article_publisher":"https:\/\/www.facebook.com\/tecnicagestaodocumental","article_modified_time":"2025-02-05T19:49:16+00:00","og_image":[{"width":1200,"height":675,"url":"https:\/\/www.tecnica.com.br\/site\/wp-content\/uploads\/2023\/12\/seo-1200.jpg","type":"image\/jpeg"}],"twitter_card":"summary_large_image","twitter_site":"@tecnicadoc","twitter_misc":{"Est. tempo de leitura":"2 minutos"},"schema":{"@context":"https:\/\/schema.org","@graph":[{"@type":"WebPage","@id":"https:\/\/www.tecnica.com.br\/site\/tecnica-especializada-em-organizacao-de-arquivos-fisicos-e-digitais\/","url":"https:\/\/www.tecnica.com.br\/site\/tecnica-especializada-em-organizacao-de-arquivos-fisicos-e-digitais\/","name":"A T\u00e9cnica - T\u00e9cnica Gest\u00e3o Documental","isPartOf":{"@id":"http:\/\/www.tecnica.com.br\/site\/#website"},"datePublished":"2018-04-16T11:50:09+00:00","dateModified":"2025-02-05T19:49:16+00:00","description":"A T\u00c9CNICA \u00e9 uma das pioneiras em Gest\u00e3o Documental, com solu\u00e7\u00f5es sob medida para a organiza\u00e7\u00e3o de arquivos f\u00edsicos e digitais","breadcrumb":{"@id":"https:\/\/www.tecnica.com.br\/site\/tecnica-especializada-em-organizacao-de-arquivos-fisicos-e-digitais\/#breadcrumb"},"inLanguage":"pt-BR","potentialAction":[{"@type":"ReadAction","target":["https:\/\/www.tecnica.com.br\/site\/tecnica-especializada-em-organizacao-de-arquivos-fisicos-e-digitais\/"]}]},{"@type":"BreadcrumbList","@id":"https:\/\/www.tecnica.com.br\/site\/tecnica-especializada-em-organizacao-de-arquivos-fisicos-e-digitais\/#breadcrumb","itemListElement":[{"@type":"ListItem","position":1,"name":"In\u00edcio","item":"https:\/\/www.tecnica.com.br\/site\/"},{"@type":"ListItem","position":2,"name":"A T\u00e9cnica"}]},{"@type":"WebSite","@id":"http:\/\/www.tecnica.com.br\/site\/#website","url":"http:\/\/www.tecnica.com.br\/site\/","name":"T\u00e9cnica Gest\u00e3o Documental","description":"Melhores solu\u00e7\u00f5es em Gest\u00e3o Documental","alternateName":"T\u00e9cnica","potentialAction":[{"@type":"SearchAction","target":{"@type":"EntryPoint","urlTemplate":"http:\/\/www.tecnica.com.br\/site\/?s={search_term_string}"},"query-input":{"@type":"PropertyValueSpecification","valueRequired":true,"valueName":"search_term_string"}}],"inLanguage":"pt-BR"}]}},"_links":{"self":[{"href":"https:\/\/www.tecnica.com.br\/site\/wp-json\/wp\/v2\/pages\/13","targetHints":{"allow":["GET"]}}],"collection":[{"href":"https:\/\/www.tecnica.com.br\/site\/wp-json\/wp\/v2\/pages"}],"about":[{"href":"https:\/\/www.tecnica.com.br\/site\/wp-json\/wp\/v2\/types\/page"}],"author":[{"embeddable":true,"href":"https:\/\/www.tecnica.com.br\/site\/wp-json\/wp\/v2\/users\/2"}],"replies":[{"embeddable":true,"href":"https:\/\/www.tecnica.com.br\/site\/wp-json\/wp\/v2\/comments?post=13"}],"version-history":[{"count":13,"href":"https:\/\/www.tecnica.com.br\/site\/wp-json\/wp\/v2\/pages\/13\/revisions"}],"predecessor-version":[{"id":1530,"href":"https:\/\/www.tecnica.com.br\/site\/wp-json\/wp\/v2\/pages\/13\/revisions\/1530"}],"wp:attachment":[{"href":"https:\/\/www.tecnica.com.br\/site\/wp-json\/wp\/v2\/media?parent=13"}],"curies":[{"name":"wp","href":"https:\/\/api.w.org\/{rel}","templated":true}]}}